{"id":13189,"date":"2018-05-02T15:10:14","date_gmt":"2018-05-02T13:10:14","guid":{"rendered":"https:\/\/fruehwald.hr\/history\/"},"modified":"2023-05-03T16:41:25","modified_gmt":"2023-05-03T14:41:25","slug":"history","status":"publish","type":"page","link":"https:\/\/hr.fruehwald.sftest.at\/en\/history\/","title":{"rendered":"History"},"content":{"rendered":"\t<div class=\"sf-hero-image\" id=\"sf-hero-image-253078c03323d792ad0bef51674a544be5c410181bb7e8a73995c726e56c6dbf\" style=\"background-image: url(https:\/\/hr.fruehwald.sftest.at\/wp-content\/uploads\/sites\/6\/2022\/10\/Geschichte.jpg); background-position: center center\">\n        <div class=\"carpet\"><\/div>\n                    <div class=\"inner\">\n\t                                <h1>History<\/h1>\n\t            \t                        <\/div>\n        \n        \n        \n        \t<\/div>\n\t    <style>\n                    <\/style>\n    \n<div style=\"height:100px\" aria-hidden=\"true\" class=\"wp-block-spacer\"><\/div>\n\n<div class=\"wp-block-fruehwald-area container\">\n<div class=\"wp-block-columns is-layout-flex wp-container-core-columns-is-layout-9d6595d7 wp-block-columns-is-layout-flex\">\n<div class=\"wp-block-column is-layout-flow wp-block-column-is-layout-flow\"><ul class=\"post-list\">\n\t        <li>\n            <div>\n                <aside class=\"left\">\n                                            <div class=\"image\" style=\"background-image: url(https:\/\/hr.fruehwald.sftest.at\/wp-content\/uploads\/sites\/6\/2022\/10\/Zahl_Zeichenflaeche-1.png)\"><\/div>\n                                    <\/aside>\n                <div class=\"content\">\n                    <div class=\"inner\">\n                        <h2>Beginning of the company history <\/h2>\n\t\t\t                                        <div class=\"excerpt\"><p>Anton Fr\u00fchwald writes history: He founds a small but fine concrete factory in Badendorf (Styria).<\/p>\n<\/div>\n\t\t\t                                <\/div>\n                <\/div>\n            <\/div>\n        <\/li>\n\t        <li>\n            <div>\n                <aside class=\"left\">\n                                            <div class=\"image\" style=\"background-image: url(https:\/\/hr.fruehwald.sftest.at\/wp-content\/uploads\/sites\/6\/2022\/10\/Zahl-02.png)\"><\/div>\n                                    <\/aside>\n                <div class=\"content\">\n                    <div class=\"inner\">\n                        <h2>Anton Fr\u00fchwald<\/h2>\n\t\t\t                                        <div class=\"excerpt\"><p>asks his son Friedrich: \u201cBua, willst a Moastpress odar a Betonmaschin? Fritz, 16, quickly replies: \u201cA Betonmaschin!\u201d (=a concrete machine) This is how history takes its course.<\/p>\n<\/div>\n\t\t\t                                <\/div>\n                <\/div>\n            <\/div>\n        <\/li>\n\t        <li>\n            <div>\n                <aside class=\"left\">\n                                            <div class=\"image\" style=\"background-image: url(https:\/\/hr.fruehwald.sftest.at\/wp-content\/uploads\/sites\/6\/2022\/10\/Zahl-03.png)\"><\/div>\n                                    <\/aside>\n                <div class=\"content\">\n                    <div class=\"inner\">\n                        <h2>The Tillmitsch location is expanded<\/h2>\n\t\t\t                                        <div class=\"excerpt\"><p>Production of prefabricated parts starts there. New times dawn under a new logo \u2013 also in development and modern marketing.<\/p>\n<\/div>\n\t\t\t                                <\/div>\n                <\/div>\n            <\/div>\n        <\/li>\n\t        <li>\n            <div>\n                <aside class=\"left\">\n                                            <div class=\"image\" style=\"background-image: url(https:\/\/hr.fruehwald.sftest.at\/wp-content\/uploads\/sites\/6\/2022\/10\/Zahl-04.png)\"><\/div>\n                                    <\/aside>\n                <div class=\"content\">\n                    <div class=\"inner\">\n                        <h2>Launch of the surface paving <\/h2>\n\t\t\t                                        <div class=\"excerpt\"><p>paving stones and slabs business segment completes the product range now products for all aspects of house construction are offered. Friedrich Fr\u00fchwald publishes a new motto: \u201cVon Haus aus das Beste!\u201d..<\/p>\n<\/div>\n\t\t\t                                <\/div>\n                <\/div>\n            <\/div>\n        <\/li>\n\t        <li>\n            <div>\n                <aside class=\"left\">\n                                            <div class=\"image\" style=\"background-image: url(https:\/\/hr.fruehwald.sftest.at\/wp-content\/uploads\/sites\/6\/2022\/10\/Zahl-05.png)\"><\/div>\n                                    <\/aside>\n                <div class=\"content\">\n                    <div class=\"inner\">\n                        <h2>Market entry in Hungary<\/h2>\n\t\t\t                                        <div class=\"excerpt\"><p>Production begins in B\u00e9k\u00e9scsaba with a focus on paving stones. The Hungarian headquarter with central administration is established.<\/p>\n<\/div>\n\t\t\t                                <\/div>\n                <\/div>\n            <\/div>\n        <\/li>\n\t        <li>\n            <div>\n                <aside class=\"left\">\n                                            <div class=\"image\" style=\"background-image: url(https:\/\/hr.fruehwald.sftest.at\/wp-content\/uploads\/sites\/6\/2022\/10\/Zahl-06.png)\"><\/div>\n                                    <\/aside>\n                <div class=\"content\">\n                    <div class=\"inner\">\n                        <h2>Establishment of a 2nd plant<\/h2>\n\t\t\t                                        <div class=\"excerpt\"><p>in \u00dajfeh\u00e9rt\u00f3 for paving stones and garden slabs, products for infrastructure are successfully manufactured in high quality.<\/p>\n<\/div>\n\t\t\t                                <\/div>\n                <\/div>\n            <\/div>\n        <\/li>\n\t        <li>\n            <div>\n                <aside class=\"left\">\n                                            <div class=\"image\" style=\"background-image: url(https:\/\/hr.fruehwald.sftest.at\/wp-content\/uploads\/sites\/6\/2022\/10\/Zahl-07.png)\"><\/div>\n                                    <\/aside>\n                <div class=\"content\">\n                    <div class=\"inner\">\n                        <h2>3rd plant in S\u00f3sk\u00fat near Budapest is expanded.<\/h2>\n\t\t\t                                        <div class=\"excerpt\"><p>The new location ensures better supply to the greater Budapest area, which strengthens the leading market position in Hungary.<\/p>\n<\/div>\n\t\t\t                                <\/div>\n                <\/div>\n            <\/div>\n        <\/li>\n\t<\/ul>\n<\/div>\n\n\n\n<div class=\"wp-block-column is-layout-flow wp-block-column-is-layout-flow\"><ul class=\"post-list\">\n\t        <li>\n            <div>\n                <aside class=\"left\">\n                                            <div class=\"image\" style=\"background-image: url(https:\/\/hr.fruehwald.sftest.at\/wp-content\/uploads\/sites\/6\/2022\/10\/Zahl-08.png)\"><\/div>\n                                    <\/aside>\n                <div class=\"content\">\n                    <div class=\"inner\">\n                        <h2>Market entry in Croatia <\/h2>\n\t\t\t                                        <div class=\"excerpt\"><p>Dicmo near Split Shortly thereafter (2008), a plot of land in the Bucharest area (Romania) is also acquired.<\/p>\n<\/div>\n\t\t\t                                <\/div>\n                <\/div>\n            <\/div>\n        <\/li>\n\t        <li>\n            <div>\n                <aside class=\"left\">\n                                            <div class=\"image\" style=\"background-image: url(https:\/\/hr.fruehwald.sftest.at\/wp-content\/uploads\/sites\/6\/2022\/10\/Zahl-09.png)\"><\/div>\n                                    <\/aside>\n                <div class=\"content\">\n                    <div class=\"inner\">\n                        <h2>Purchase of the Fr\u00fchwald Group<\/h2>\n\t\t\t                                        <div class=\"excerpt\"><p>by Robert F. Holzer (CEO) and his business partner. Foundation of the Austrian sales company A new success story can begin!<\/p>\n<\/div>\n\t\t\t                                <\/div>\n                <\/div>\n            <\/div>\n        <\/li>\n\t        <li>\n            <div>\n                <aside class=\"left\">\n                                            <div class=\"image\" style=\"background-image: url(https:\/\/hr.fruehwald.sftest.at\/wp-content\/uploads\/sites\/6\/2022\/10\/Zahl-10.png)\"><\/div>\n                                    <\/aside>\n                <div class=\"content\">\n                    <div class=\"inner\">\n                        <h2>Investment in new plants<\/h2>\n\t\t\t                                        <div class=\"excerpt\"><p>in Soskut (HU) and Dicmo (HR) for the new early forest premium products.<\/p>\n<\/div>\n\t\t\t                                <\/div>\n                <\/div>\n            <\/div>\n        <\/li>\n\t        <li>\n            <div>\n                <aside class=\"left\">\n                                            <div class=\"image\" style=\"background-image: url(https:\/\/hr.fruehwald.sftest.at\/wp-content\/uploads\/sites\/6\/2022\/10\/Zahl-10.png)\"><\/div>\n                                    <\/aside>\n                <div class=\"content\">\n                    <div class=\"inner\">\n                        <h2>surface refinement<\/h2>\n\t\t\t                                        <div class=\"excerpt\"><p>Launch of new products based on innovative technologies Expansion of quality assurance.<\/p>\n<\/div>\n\t\t\t                                <\/div>\n                <\/div>\n            <\/div>\n        <\/li>\n\t        <li>\n            <div>\n                <aside class=\"left\">\n                                            <div class=\"image\" style=\"background-image: url(https:\/\/hr.fruehwald.sftest.at\/wp-content\/uploads\/sites\/6\/2022\/10\/Zahl-11.png)\"><\/div>\n                                    <\/aside>\n                <div class=\"content\">\n                    <div class=\"inner\">\n                        <h2>Big anniversary \u2013 90 years of Fr\u00fchwald <\/h2>\n\t\t\t                                        <div class=\"excerpt\"><p>let us surprise you with our jubilee products<\/p>\n<\/div>\n\t\t\t                                <\/div>\n                <\/div>\n            <\/div>\n        <\/li>\n\t        <li>\n            <div>\n                <aside class=\"left\">\n                                            <div class=\"image\" style=\"background-image: url(https:\/\/hr.fruehwald.sftest.at\/wp-content\/uploads\/sites\/6\/2022\/10\/Zahl-12.png)\"><\/div>\n                                    <\/aside>\n                <div class=\"content\">\n                    <div class=\"inner\">\n                        <h2>New targets<\/h2>\n\t\t\t                                        <div class=\"excerpt\"><p>Our target is to further optimize all processes and services.<\/p>\n<\/div>\n\t\t\t                                <\/div>\n                <\/div>\n            <\/div>\n        <\/li>\n\t<\/ul>\n<\/div>\n<\/div>\n<\/div>\n","protected":false},"excerpt":{"rendered":"","protected":false},"author":6,"featured_media":0,"parent":0,"menu_order":26,"comment_status":"closed","ping_status":"closed","template":"","meta":{"inline_featured_image":false,"footnotes":""},"class_list":["post-13189","page","type-page","status-publish","hentry"],"yoast_head":"<!-- This site is optimized with the Yoast SEO plugin v18.8 - https:\/\/yoast.com\/wordpress\/plugins\/seo\/ -->\n<title>History - Fr\u00fchwald HR<\/title>\n<meta name=\"robots\" content=\"index, follow, max-snippet:-1, max-image-preview:large, max-video-preview:-1\" \/>\n<link rel=\"canonical\" href=\"https:\/\/hr.fruehwald.sftest.at\/en\/history\/\" \/>\n<meta property=\"og:locale\" content=\"en_US\" \/>\n<meta property=\"og:type\" content=\"article\" \/>\n<meta property=\"og:title\" content=\"History - Fr\u00fchwald HR\" \/>\n<meta property=\"og:url\" content=\"https:\/\/hr.fruehwald.sftest.at\/en\/history\/\" \/>\n<meta property=\"og:site_name\" content=\"Fr\u00fchwald HR\" \/>\n<meta property=\"article:modified_time\" content=\"2023-05-03T14:41:25+00:00\" \/>\n<meta name=\"twitter:card\" content=\"summary_large_image\" \/>\n<script type=\"application\/ld+json\" class=\"yoast-schema-graph\">{\"@context\":\"https:\/\/schema.org\",\"@graph\":[{\"@type\":\"WebSite\",\"@id\":\"https:\/\/hr.fruehwald.sftest.at\/#website\",\"url\":\"https:\/\/hr.fruehwald.sftest.at\/\",\"name\":\"Fr\u00fchwald HR\",\"description\":\"\",\"potentialAction\":[{\"@type\":\"SearchAction\",\"target\":{\"@type\":\"EntryPoint\",\"urlTemplate\":\"https:\/\/hr.fruehwald.sftest.at\/?s={search_term_string}\"},\"query-input\":\"required name=search_term_string\"}],\"inLanguage\":\"en-US\"},{\"@type\":\"WebPage\",\"@id\":\"https:\/\/hr.fruehwald.sftest.at\/en\/history\/#webpage\",\"url\":\"https:\/\/hr.fruehwald.sftest.at\/en\/history\/\",\"name\":\"History - Fr\u00fchwald HR\",\"isPartOf\":{\"@id\":\"https:\/\/hr.fruehwald.sftest.at\/#website\"},\"datePublished\":\"2018-05-02T13:10:14+00:00\",\"dateModified\":\"2023-05-03T14:41:25+00:00\",\"breadcrumb\":{\"@id\":\"https:\/\/hr.fruehwald.sftest.at\/en\/history\/#breadcrumb\"},\"inLanguage\":\"en-US\",\"potentialAction\":[{\"@type\":\"ReadAction\",\"target\":[\"https:\/\/hr.fruehwald.sftest.at\/en\/history\/\"]}]},{\"@type\":\"BreadcrumbList\",\"@id\":\"https:\/\/hr.fruehwald.sftest.at\/en\/history\/#breadcrumb\",\"itemListElement\":[{\"@type\":\"ListItem\",\"position\":1,\"name\":\"History\"}]}]}<\/script>\n<!-- \/ Yoast SEO plugin. -->","yoast_head_json":{"title":"History - Fr\u00fchwald HR","robots":{"index":"index","follow":"follow","max-snippet":"max-snippet:-1","max-image-preview":"max-image-preview:large","max-video-preview":"max-video-preview:-1"},"canonical":"https:\/\/hr.fruehwald.sftest.at\/en\/history\/","og_locale":"en_US","og_type":"article","og_title":"History - Fr\u00fchwald HR","og_url":"https:\/\/hr.fruehwald.sftest.at\/en\/history\/","og_site_name":"Fr\u00fchwald HR","article_modified_time":"2023-05-03T14:41:25+00:00","twitter_card":"summary_large_image","schema":{"@context":"https:\/\/schema.org","@graph":[{"@type":"WebSite","@id":"https:\/\/hr.fruehwald.sftest.at\/#website","url":"https:\/\/hr.fruehwald.sftest.at\/","name":"Fr\u00fchwald HR","description":"","potentialAction":[{"@type":"SearchAction","target":{"@type":"EntryPoint","urlTemplate":"https:\/\/hr.fruehwald.sftest.at\/?s={search_term_string}"},"query-input":"required name=search_term_string"}],"inLanguage":"en-US"},{"@type":"WebPage","@id":"https:\/\/hr.fruehwald.sftest.at\/en\/history\/#webpage","url":"https:\/\/hr.fruehwald.sftest.at\/en\/history\/","name":"History - Fr\u00fchwald HR","isPartOf":{"@id":"https:\/\/hr.fruehwald.sftest.at\/#website"},"datePublished":"2018-05-02T13:10:14+00:00","dateModified":"2023-05-03T14:41:25+00:00","breadcrumb":{"@id":"https:\/\/hr.fruehwald.sftest.at\/en\/history\/#breadcrumb"},"inLanguage":"en-US","potentialAction":[{"@type":"ReadAction","target":["https:\/\/hr.fruehwald.sftest.at\/en\/history\/"]}]},{"@type":"BreadcrumbList","@id":"https:\/\/hr.fruehwald.sftest.at\/en\/history\/#breadcrumb","itemListElement":[{"@type":"ListItem","position":1,"name":"History"}]}]}},"acf":[],"_links":{"self":[{"href":"https:\/\/hr.fruehwald.sftest.at\/en\/wp-json\/wp\/v2\/pages\/13189","targetHints":{"allow":["GET"]}}],"collection":[{"href":"https:\/\/hr.fruehwald.sftest.at\/en\/wp-json\/wp\/v2\/pages"}],"about":[{"href":"https:\/\/hr.fruehwald.sftest.at\/en\/wp-json\/wp\/v2\/types\/page"}],"author":[{"embeddable":true,"href":"https:\/\/hr.fruehwald.sftest.at\/en\/wp-json\/wp\/v2\/users\/6"}],"replies":[{"embeddable":true,"href":"https:\/\/hr.fruehwald.sftest.at\/en\/wp-json\/wp\/v2\/comments?post=13189"}],"version-history":[{"count":1,"href":"https:\/\/hr.fruehwald.sftest.at\/en\/wp-json\/wp\/v2\/pages\/13189\/revisions"}],"predecessor-version":[{"id":13205,"href":"https:\/\/hr.fruehwald.sftest.at\/en\/wp-json\/wp\/v2\/pages\/13189\/revisions\/13205"}],"wp:attachment":[{"href":"https:\/\/hr.fruehwald.sftest.at\/en\/wp-json\/wp\/v2\/media?parent=13189"}],"curies":[{"name":"wp","href":"https:\/\/api.w.org\/{rel}","templated":true}]}}